{"id":242,"date":"2020-10-09T01:54:15","date_gmt":"2020-10-09T01:54:15","guid":{"rendered":"https:\/\/www.sapinfortin.com\/?post_type=product&#038;p=242"},"modified":"2023-07-20T12:50:09","modified_gmt":"2023-07-20T12:50:09","slug":"sirop-compose-sapin","status":"publish","type":"product","link":"https:\/\/www.sapinfortin.com\/en\/produit\/sirop-compose-sapin\/","title":{"rendered":"Fir Compound: Syrup against cough"},"content":{"rendered":"[vc_row type=&#8221;in_container&#8221; full_screen_row_position=&#8221;middle&#8221; column_margin=&#8221;default&#8221; column_direction=&#8221;default&#8221; column_direction_tablet=&#8221;default&#8221; column_direction_phone=&#8221;default&#8221; scene_position=&#8221;center&#8221; text_color=&#8221;dark&#8221; text_align=&#8221;left&#8221; row_border_radius=&#8221;none&#8221; row_border_radius_applies=&#8221;bg&#8221; overlay_strength=&#8221;0.3&#8243; gradient_direction=&#8221;left_to_right&#8221; shape_divider_position=&#8221;bottom&#8221; bg_image_animation=&#8221;none&#8221;][vc_column column_padding=&#8221;no-extra-padding&#8221; column_padding_tablet=&#8221;inherit&#8221; column_padding_phone=&#8221;inherit&#8221; column_padding_position=&#8221;all&#8221; background_color_opacity=&#8221;1&#8243; background_hover_color_opacity=&#8221;1&#8243; column_shadow=&#8221;none&#8221; column_border_radius=&#8221;none&#8221; column_link_target=&#8221;_self&#8221; gradient_direction=&#8221;left_to_right&#8221; overlay_strength=&#8221;0.3&#8243; width=&#8221;1\/1&#8243; tablet_width_inherit=&#8221;default&#8221; tablet_text_alignment=&#8221;default&#8221; phone_text_alignment=&#8221;default&#8221; column_border_width=&#8221;none&#8221; column_border_style=&#8221;solid&#8221; bg_image_animation=&#8221;none&#8221;][vc_column_text]Peut-\u00eatre l\u2019aviez-vous remarqu\u00e9 mais, avec un nom tel que Sapin (Fortin), nous nous devions d\u2019utiliser ce conif\u00e8re dans nos produits. C\u2019est pourquoi tout notre compos\u00e9 est fabriqu\u00e9 avec des \u00e9corces de diff\u00e9rents arbres reconnus pour leurs nombreux bienfaits depuis des milliers d\u2019ann\u00e9es.<\/p>\n<p>Depuis plus de 100 ans, nous utilisons les \u00e9corces d\u2019\u00e9pinette rouge, de pruche et de fr\u00eane piquant dans notre compos\u00e9 qui en a vue des saisons de grippe! L&#8217;\u00e9corce est utilis\u00e9e depuis longtemps par les am\u00e9rindiens et nos anc\u00eatres afin de lutter contre diverses affections. Ces ingr\u00e9dients provenant directement de notre flore qu\u00e9b\u00e9coise sont reconnus depuis belle lurette pour leurs vertus antimicrobiennes, anti-inflammatoires et expectorantes en plus de fortifier et stimuler l\u2019organisme et d\u2019\u00eatre d\u00e9congestionnante. Certains sont \u00e9galement f\u00e9brifuge ce qui veut dire qu\u2019ils aident \u00e0 abaisser la fi\u00e8vre. Pourquoi ne pas profiter de ce que la nature nous donne pour se soigner naturellement ?<\/p>\n<p>Fortin c\u2019est naturel et c\u2019est de chez nous!<\/p>\n<p>Fortin c\u2019est bon pour nous, pour vous et pour la toux!<\/p>\n<p>Fortin c\u2019est un sirop qui fait \u00ab\u00a0toux\u00a0\u00bb<\/p>\n<p>FAIT AU CANADA (QU\u00c9BEC) \u2013 NPN 00423068[\/vc_column_text][\/vc_column][vc_column column_padding=&#8221;no-extra-padding&#8221; column_padding_tablet=&#8221;inherit&#8221; column_padding_phone=&#8221;inherit&#8221; column_padding_position=&#8221;all&#8221; background_color_opacity=&#8221;1&#8243; background_hover_color_opacity=&#8221;1&#8243; column_shadow=&#8221;none&#8221; column_border_radius=&#8221;none&#8221; column_link_target=&#8221;_self&#8221; gradient_direction=&#8221;left_to_right&#8221; overlay_strength=&#8221;0.3&#8243; width=&#8221;1\/1&#8243; tablet_width_inherit=&#8221;default&#8221; tablet_text_alignment=&#8221;default&#8221; phone_text_alignment=&#8221;default&#8221; column_border_width=&#8221;none&#8221; column_border_style=&#8221;solid&#8221; bg_image_animation=&#8221;none&#8221;][\/vc_column][vc_column column_padding=&#8221;no-extra-padding&#8221; column_padding_tablet=&#8221;inherit&#8221; column_padding_phone=&#8221;inherit&#8221; column_padding_position=&#8221;all&#8221; background_color_opacity=&#8221;1&#8243; background_hover_color_opacity=&#8221;1&#8243; column_shadow=&#8221;none&#8221; column_border_radius=&#8221;none&#8221; column_link_target=&#8221;_self&#8221; gradient_direction=&#8221;left_to_right&#8221; overlay_strength=&#8221;0.3&#8243; width=&#8221;1\/1&#8243; tablet_width_inherit=&#8221;default&#8221; tablet_text_alignment=&#8221;default&#8221; phone_text_alignment=&#8221;default&#8221; column_border_width=&#8221;none&#8221; column_border_style=&#8221;solid&#8221; bg_image_animation=&#8221;none&#8221;][\/vc_column][\/vc_row][vc_row type=&#8221;in_container&#8221; full_screen_row_position=&#8221;middle&#8221; column_margin=&#8221;default&#8221; column_direction=&#8221;default&#8221; column_direction_tablet=&#8221;default&#8221; column_direction_phone=&#8221;default&#8221; scene_position=&#8221;center&#8221; text_color=&#8221;dark&#8221; text_align=&#8221;left&#8221; row_border_radius=&#8221;none&#8221; row_border_radius_applies=&#8221;bg&#8221; overlay_strength=&#8221;0.3&#8243; gradient_direction=&#8221;left_to_right&#8221; shape_divider_position=&#8221;bottom&#8221; bg_image_animation=&#8221;none&#8221;][vc_column column_padding=&#8221;no-extra-padding&#8221; column_padding_tablet=&#8221;inherit&#8221; column_padding_phone=&#8221;inherit&#8221; column_padding_position=&#8221;all&#8221; background_color_opacity=&#8221;1&#8243; background_hover_color_opacity=&#8221;1&#8243; column_shadow=&#8221;none&#8221; column_border_radius=&#8221;none&#8221; column_link_target=&#8221;_self&#8221; gradient_direction=&#8221;left_to_right&#8221; overlay_strength=&#8221;0.3&#8243; width=&#8221;1\/2&#8243; tablet_width_inherit=&#8221;default&#8221; tablet_text_alignment=&#8221;default&#8221; phone_text_alignment=&#8221;default&#8221; column_border_width=&#8221;none&#8221; column_border_style=&#8221;solid&#8221; bg_image_animation=&#8221;none&#8221;][vc_text_separator title=&#8221;Posologie&#8221; title_align=&#8221;separator_align_left&#8221;][vc_column_text]BIEN AGITER LE FLACON AVANT L\u2019OUVERTURE ET AVANT CHAQUE USAGE.<\/p>\n<p class=\"p1\">Adultes : 1 cuiller\u00e9e \u00e0 soupe (15 mL), avant les repas et au coucher, 4 fois par jour, au besoin. Ne pas d\u00e9passer 4 doses par p\u00e9riode de 24 heures.<\/p>\n<p class=\"p1\">Enfants 6 ans et plus : 1 cuiller\u00e9e \u00e0 th\u00e9 (5 mL), 4 fois par jour, au besoin. Espacer les doses et prendre id\u00e9alement avant les repas et le coucher. Ne pas d\u00e9passer 4 doses par p\u00e9riode de 24 heures.<\/p>\n<p>MISE EN GARDE<\/p>\n<p>Tenir hors de la port\u00e9e des enfants. Cessez d&#8217;utiliser ce produit et consultez un praticien de soin de sant\u00e9 si les sympt\u00f4mes s&#8217;aggravent ou durent plus d&#8217;une semaine, ou en cas de fi\u00e8vre, d&#8217;\u00e9ruption cutan\u00e9e ou de maux de t\u00eate persistants.<\/p>\n<p>CONTRE-INDICATIONS<\/p>\n<p>Ne pas prendre si vous \u00eates enceinte ou si vous allaitez.<\/p>\n<p>&nbsp;<\/p>\n<p class=\"p1\">Ne pas utiliser si le sceau de s\u00e9curit\u00e9 est bris\u00e9 ou manquant.<\/p>\n[\/vc_column_text][\/vc_column][vc_column column_padding=&#8221;no-extra-padding&#8221; column_padding_tablet=&#8221;inherit&#8221; column_padding_phone=&#8221;inherit&#8221; column_padding_position=&#8221;all&#8221; background_color_opacity=&#8221;1&#8243; background_hover_color_opacity=&#8221;1&#8243; column_shadow=&#8221;none&#8221; column_border_radius=&#8221;none&#8221; column_link_target=&#8221;_self&#8221; gradient_direction=&#8221;left_to_right&#8221; overlay_strength=&#8221;0.3&#8243; width=&#8221;1\/2&#8243; tablet_width_inherit=&#8221;default&#8221; tablet_text_alignment=&#8221;default&#8221; phone_text_alignment=&#8221;default&#8221; column_border_width=&#8221;none&#8221; column_border_style=&#8221;solid&#8221; bg_image_animation=&#8221;none&#8221;][vc_text_separator title=&#8221;Ingr\u00e9dients&#8221; title_align=&#8221;separator_align_left&#8221;][vc_column_text]INGR\u00c9DIENTS M\u00c9DICINAUX<\/p>\n<p class=\"p1\">Chaque cuiller\u00e9e \u00e0 soupe (15 mL) contient :<\/p>\n<p class=\"p1\">\u00c9pinette rouge (Picea rubens, \u041ecorce) 248 mg<\/p>\n<p class=\"p1\">Pruche du Canada (Tsuga canadensis, \u00e9corce)\u00a0 248 mg<\/p>\n<p class=\"p1\">Fr\u00e8ne \u00e9pineux (Zanthoxylum americanum, \u00e9corce) 248 mg<\/p>\n<p class=\"p1\">Sapin baumier (Abies balsamea, r\u00e9sine) 174 mg<\/p>\n<p>&nbsp;<\/p>\n<p>INGR\u00c9DIENTS NON M\u00c9DICINAUX<\/p>\n<p class=\"p1\">Eau, m\u00e9lasse (sucre de canne), alcool \u00e9thylique.<\/p>\n[\/vc_column_text][\/vc_column][\/vc_row]\n","protected":false},"excerpt":{"rendered":"<p>FIR COMPOUND: This ancestral preparation made from natural ingredients known for their medicinal properties offers fast and effective relief of coughs caused by colds, flu and minor bronchial irritations.<\/p>\n","protected":false},"featured_media":637,"template":"","meta":[],"product_brand":[],"product_cat":[22],"product_tag":[],"class_list":{"0":"post-242","1":"product","2":"type-product","3":"status-publish","4":"has-post-thumbnail","6":"product_cat-sirop-en","8":"first","9":"instock","10":"taxable","11":"shipping-taxable","12":"purchasable","13":"product-type-variable"},"yoast_head":"<!-- This site is optimized with the Yoast SEO plugin v27.4 - https:\/\/yoast.com\/product\/yoast-seo-wordpress\/ -->\n<title>Fir Compound: Syrup against cough - Sapin Fortin<\/title>\n<meta name=\"robots\" content=\"index, follow, max-snippet:-1, max-image-preview:large, max-video-preview:-1\" \/>\n<link rel=\"canonical\" href=\"https:\/\/www.sapinfortin.com\/en\/produit\/sirop-compose-sapin\/\" \/>\n<meta property=\"og:locale\" content=\"en_US\" \/>\n<meta property=\"og:type\" content=\"article\" \/>\n<meta property=\"og:title\" content=\"Fir Compound: Syrup against cough - Sapin Fortin\" \/>\n<meta property=\"og:description\" content=\"FIR COMPOUND: This ancestral preparation made from natural ingredients known for their medicinal properties offers fast and effective relief of coughs caused by colds, flu and minor bronchial irritations.\" \/>\n<meta property=\"og:url\" content=\"https:\/\/www.sapinfortin.com\/en\/produit\/sirop-compose-sapin\/\" \/>\n<meta property=\"og:site_name\" content=\"Sapin Fortin\" \/>\n<meta property=\"article:modified_time\" content=\"2023-07-20T12:50:09+00:00\" \/>\n<meta property=\"og:image\" content=\"https:\/\/www.sapinfortin.com\/wp-content\/uploads\/2022\/07\/IMG_8153-1024x973.png\" \/>\n\t<meta property=\"og:image:width\" content=\"1024\" \/>\n\t<meta property=\"og:image:height\" content=\"973\" \/>\n\t<meta property=\"og:image:type\" content=\"image\/png\" \/>\n<meta name=\"twitter:card\" content=\"summary_large_image\" \/>\n<meta name=\"twitter:label1\" content=\"Est. reading time\" \/>\n\t<meta name=\"twitter:data1\" content=\"3 minutes\" \/>\n<script type=\"application\/ld+json\" class=\"yoast-schema-graph\">{\"@context\":\"https:\\\/\\\/schema.org\",\"@graph\":[{\"@type\":\"WebPage\",\"@id\":\"https:\\\/\\\/www.sapinfortin.com\\\/en\\\/produit\\\/sirop-compose-sapin\\\/\",\"url\":\"https:\\\/\\\/www.sapinfortin.com\\\/en\\\/produit\\\/sirop-compose-sapin\\\/\",\"name\":\"Fir Compound: Syrup against cough - Sapin Fortin\",\"isPartOf\":{\"@id\":\"https:\\\/\\\/www.sapinfortin.com\\\/#website\"},\"primaryImageOfPage\":{\"@id\":\"https:\\\/\\\/www.sapinfortin.com\\\/en\\\/produit\\\/sirop-compose-sapin\\\/#primaryimage\"},\"image\":{\"@id\":\"https:\\\/\\\/www.sapinfortin.com\\\/en\\\/produit\\\/sirop-compose-sapin\\\/#primaryimage\"},\"thumbnailUrl\":\"https:\\\/\\\/www.sapinfortin.com\\\/wp-content\\\/uploads\\\/2022\\\/07\\\/IMG_8153.png\",\"datePublished\":\"2020-10-09T01:54:15+00:00\",\"dateModified\":\"2023-07-20T12:50:09+00:00\",\"breadcrumb\":{\"@id\":\"https:\\\/\\\/www.sapinfortin.com\\\/en\\\/produit\\\/sirop-compose-sapin\\\/#breadcrumb\"},\"inLanguage\":\"en-US\",\"potentialAction\":[{\"@type\":\"ReadAction\",\"target\":[\"https:\\\/\\\/www.sapinfortin.com\\\/en\\\/produit\\\/sirop-compose-sapin\\\/\"]}]},{\"@type\":\"ImageObject\",\"inLanguage\":\"en-US\",\"@id\":\"https:\\\/\\\/www.sapinfortin.com\\\/en\\\/produit\\\/sirop-compose-sapin\\\/#primaryimage\",\"url\":\"https:\\\/\\\/www.sapinfortin.com\\\/wp-content\\\/uploads\\\/2022\\\/07\\\/IMG_8153.png\",\"contentUrl\":\"https:\\\/\\\/www.sapinfortin.com\\\/wp-content\\\/uploads\\\/2022\\\/07\\\/IMG_8153.png\",\"width\":2208,\"height\":2097},{\"@type\":\"BreadcrumbList\",\"@id\":\"https:\\\/\\\/www.sapinfortin.com\\\/en\\\/produit\\\/sirop-compose-sapin\\\/#breadcrumb\",\"itemListElement\":[{\"@type\":\"ListItem\",\"position\":1,\"name\":\"Home\",\"item\":\"https:\\\/\\\/www.sapinfortin.com\\\/\"},{\"@type\":\"ListItem\",\"position\":2,\"name\":\"Store\",\"item\":\"https:\\\/\\\/www.sapinfortin.com\\\/en\\\/store\\\/\"},{\"@type\":\"ListItem\",\"position\":3,\"name\":\"Fir Compound: Syrup against cough\"}]},{\"@type\":\"WebSite\",\"@id\":\"https:\\\/\\\/www.sapinfortin.com\\\/#website\",\"url\":\"https:\\\/\\\/www.sapinfortin.com\\\/\",\"name\":\"Sapin Fortin\",\"description\":\"Soulagement de la toux naturellement\",\"potentialAction\":[{\"@type\":\"SearchAction\",\"target\":{\"@type\":\"EntryPoint\",\"urlTemplate\":\"https:\\\/\\\/www.sapinfortin.com\\\/?s={search_term_string}\"},\"query-input\":{\"@type\":\"PropertyValueSpecification\",\"valueRequired\":true,\"valueName\":\"search_term_string\"}}],\"inLanguage\":\"en-US\"}]}<\/script>\n<!-- \/ Yoast SEO plugin. -->","yoast_head_json":{"title":"Fir Compound: Syrup against cough - Sapin Fortin","robots":{"index":"index","follow":"follow","max-snippet":"max-snippet:-1","max-image-preview":"max-image-preview:large","max-video-preview":"max-video-preview:-1"},"canonical":"https:\/\/www.sapinfortin.com\/en\/produit\/sirop-compose-sapin\/","og_locale":"en_US","og_type":"article","og_title":"Fir Compound: Syrup against cough - Sapin Fortin","og_description":"FIR COMPOUND: This ancestral preparation made from natural ingredients known for their medicinal properties offers fast and effective relief of coughs caused by colds, flu and minor bronchial irritations.","og_url":"https:\/\/www.sapinfortin.com\/en\/produit\/sirop-compose-sapin\/","og_site_name":"Sapin Fortin","article_modified_time":"2023-07-20T12:50:09+00:00","og_image":[{"width":1024,"height":973,"url":"https:\/\/www.sapinfortin.com\/wp-content\/uploads\/2022\/07\/IMG_8153-1024x973.png","type":"image\/png"}],"twitter_card":"summary_large_image","twitter_misc":{"Est. reading time":"3 minutes"},"schema":{"@context":"https:\/\/schema.org","@graph":[{"@type":"WebPage","@id":"https:\/\/www.sapinfortin.com\/en\/produit\/sirop-compose-sapin\/","url":"https:\/\/www.sapinfortin.com\/en\/produit\/sirop-compose-sapin\/","name":"Fir Compound: Syrup against cough - Sapin Fortin","isPartOf":{"@id":"https:\/\/www.sapinfortin.com\/#website"},"primaryImageOfPage":{"@id":"https:\/\/www.sapinfortin.com\/en\/produit\/sirop-compose-sapin\/#primaryimage"},"image":{"@id":"https:\/\/www.sapinfortin.com\/en\/produit\/sirop-compose-sapin\/#primaryimage"},"thumbnailUrl":"https:\/\/www.sapinfortin.com\/wp-content\/uploads\/2022\/07\/IMG_8153.png","datePublished":"2020-10-09T01:54:15+00:00","dateModified":"2023-07-20T12:50:09+00:00","breadcrumb":{"@id":"https:\/\/www.sapinfortin.com\/en\/produit\/sirop-compose-sapin\/#breadcrumb"},"inLanguage":"en-US","potentialAction":[{"@type":"ReadAction","target":["https:\/\/www.sapinfortin.com\/en\/produit\/sirop-compose-sapin\/"]}]},{"@type":"ImageObject","inLanguage":"en-US","@id":"https:\/\/www.sapinfortin.com\/en\/produit\/sirop-compose-sapin\/#primaryimage","url":"https:\/\/www.sapinfortin.com\/wp-content\/uploads\/2022\/07\/IMG_8153.png","contentUrl":"https:\/\/www.sapinfortin.com\/wp-content\/uploads\/2022\/07\/IMG_8153.png","width":2208,"height":2097},{"@type":"BreadcrumbList","@id":"https:\/\/www.sapinfortin.com\/en\/produit\/sirop-compose-sapin\/#breadcrumb","itemListElement":[{"@type":"ListItem","position":1,"name":"Home","item":"https:\/\/www.sapinfortin.com\/"},{"@type":"ListItem","position":2,"name":"Store","item":"https:\/\/www.sapinfortin.com\/en\/store\/"},{"@type":"ListItem","position":3,"name":"Fir Compound: Syrup against cough"}]},{"@type":"WebSite","@id":"https:\/\/www.sapinfortin.com\/#website","url":"https:\/\/www.sapinfortin.com\/","name":"Sapin Fortin","description":"Soulagement de la toux naturellement","potentialAction":[{"@type":"SearchAction","target":{"@type":"EntryPoint","urlTemplate":"https:\/\/www.sapinfortin.com\/?s={search_term_string}"},"query-input":{"@type":"PropertyValueSpecification","valueRequired":true,"valueName":"search_term_string"}}],"inLanguage":"en-US"}]}},"tiered_pricing_type":"fixed","tiered_pricing_fixed_rules":[],"tiered_pricing_product_settings":{"layout":"default","base_unit_name":{"singular":null,"plural":null},"default_variation":null},"tiered_pricing_minimum_quantity":null,"tiered_pricing_roles_data":[],"tiered_pricing_percentage_rules":[],"_links":{"self":[{"href":"https:\/\/www.sapinfortin.com\/en\/wp-json\/wp\/v2\/product\/242","targetHints":{"allow":["GET"]}}],"collection":[{"href":"https:\/\/www.sapinfortin.com\/en\/wp-json\/wp\/v2\/product"}],"about":[{"href":"https:\/\/www.sapinfortin.com\/en\/wp-json\/wp\/v2\/types\/product"}],"wp:featuredmedia":[{"embeddable":true,"href":"https:\/\/www.sapinfortin.com\/en\/wp-json\/wp\/v2\/media\/637"}],"wp:attachment":[{"href":"https:\/\/www.sapinfortin.com\/en\/wp-json\/wp\/v2\/media?parent=242"}],"wp:term":[{"taxonomy":"product_brand","embeddable":true,"href":"https:\/\/www.sapinfortin.com\/en\/wp-json\/wp\/v2\/product_brand?post=242"},{"taxonomy":"product_cat","embeddable":true,"href":"https:\/\/www.sapinfortin.com\/en\/wp-json\/wp\/v2\/product_cat?post=242"},{"taxonomy":"product_tag","embeddable":true,"href":"https:\/\/www.sapinfortin.com\/en\/wp-json\/wp\/v2\/product_tag?post=242"}],"curies":[{"name":"wp","href":"https:\/\/api.w.org\/{rel}","templated":true}]}}