{"id":241,"date":"2020-10-09T01:55:14","date_gmt":"2020-10-09T01:55:14","guid":{"rendered":"https:\/\/www.sapinfortin.com\/?post_type=product&#038;p=241"},"modified":"2023-07-20T12:49:27","modified_gmt":"2023-07-20T12:49:27","slug":"sirop-miel-equinacee","status":"publish","type":"product","link":"https:\/\/www.sapinfortin.com\/en\/produit\/sirop-miel-equinacee\/","title":{"rendered":"Healthy Fir Syrup: balsam fir gum and echinacea formula with eucalyptus and honey"},"content":{"rendered":"[vc_row type=&#8221;in_container&#8221; full_screen_row_position=&#8221;middle&#8221; column_margin=&#8221;default&#8221; column_direction=&#8221;default&#8221; column_direction_tablet=&#8221;default&#8221; column_direction_phone=&#8221;default&#8221; scene_position=&#8221;center&#8221; text_color=&#8221;dark&#8221; text_align=&#8221;left&#8221; row_border_radius=&#8221;none&#8221; row_border_radius_applies=&#8221;bg&#8221; overlay_strength=&#8221;0.3&#8243; gradient_direction=&#8221;left_to_right&#8221; shape_divider_position=&#8221;bottom&#8221; bg_image_animation=&#8221;none&#8221;][vc_column column_padding=&#8221;no-extra-padding&#8221; column_padding_tablet=&#8221;inherit&#8221; column_padding_phone=&#8221;inherit&#8221; column_padding_position=&#8221;all&#8221; background_color_opacity=&#8221;1&#8243; background_hover_color_opacity=&#8221;1&#8243; column_shadow=&#8221;none&#8221; column_border_radius=&#8221;none&#8221; column_link_target=&#8221;_self&#8221; gradient_direction=&#8221;left_to_right&#8221; overlay_strength=&#8221;0.3&#8243; width=&#8221;1\/1&#8243; tablet_width_inherit=&#8221;default&#8221; tablet_text_alignment=&#8221;default&#8221; phone_text_alignment=&#8221;default&#8221; column_border_width=&#8221;none&#8221; column_border_style=&#8221;solid&#8221; bg_image_animation=&#8221;none&#8221;][vc_column_text]\n<div>Le sapin baumier est toujours au c\u0153ur de nos produits, on le retrouve ici dans cette formule qui allie ses bienfaits reconnus \u00e0 ceux du miel, de l&#8217;eucalyptus et de l&#8217;\u00e9chinac\u00e9e pour \u00e9loigner la toux d\u00fbt au rhume et \u00e0 la grippe.<\/div>\n<p>USAGES OU FINS RECOMMAND\u00c9S<\/p>\n<p>Sirop \u00e0 base d\u2019ingr\u00e9dients naturels reconnus pour leurs propri\u00e9t\u00e9s m\u00e9dicinales pour aider \u00e0 soulager les infections et les inflammations du tractus respiratoires.<\/p>\n<p>FAIT AU CANADA &#8211; NPN 80025755[\/vc_column_text][\/vc_column][\/vc_row][vc_row type=&#8221;in_container&#8221; full_screen_row_position=&#8221;middle&#8221; column_margin=&#8221;default&#8221; column_direction=&#8221;default&#8221; column_direction_tablet=&#8221;default&#8221; column_direction_phone=&#8221;default&#8221; scene_position=&#8221;center&#8221; text_color=&#8221;dark&#8221; text_align=&#8221;left&#8221; row_border_radius=&#8221;none&#8221; row_border_radius_applies=&#8221;bg&#8221; overlay_strength=&#8221;0.3&#8243; gradient_direction=&#8221;left_to_right&#8221; shape_divider_position=&#8221;bottom&#8221; bg_image_animation=&#8221;none&#8221;][vc_column column_padding=&#8221;no-extra-padding&#8221; column_padding_tablet=&#8221;inherit&#8221; column_padding_phone=&#8221;inherit&#8221; column_padding_position=&#8221;all&#8221; background_color_opacity=&#8221;1&#8243; background_hover_color_opacity=&#8221;1&#8243; column_shadow=&#8221;none&#8221; column_border_radius=&#8221;none&#8221; column_link_target=&#8221;_self&#8221; gradient_direction=&#8221;left_to_right&#8221; overlay_strength=&#8221;0.3&#8243; width=&#8221;1\/2&#8243; tablet_width_inherit=&#8221;default&#8221; tablet_text_alignment=&#8221;default&#8221; phone_text_alignment=&#8221;default&#8221; column_border_width=&#8221;none&#8221; column_border_style=&#8221;solid&#8221; bg_image_animation=&#8221;none&#8221;][vc_text_separator title=&#8221;Posologie&#8221; title_align=&#8221;separator_align_left&#8221;][vc_column_text]BIEN AGITER LE FLACON AVANT L\u2019OUVERTURE ET AVANT CHAQUE USAGE.<\/p>\n<p>Adultes\u00a0: 2 cuill\u00e8res \u00e0 th\u00e9 (10 mL), id\u00e9alement avant les repas et au coucher, 3 fois par jour, au besoin. Ne pas d\u00e9passer 3 doses par p\u00e9riode de 24 heures.<\/p>\n<p>MISE EN GARDE<\/p>\n<p>Tenir hors de la port\u00e9e des enfants. Consulter un praticien de soins en sant\u00e9 avant d\u2019utiliser si vous souffrez d\u2019une maladie auto-immune ou inflammatoire, comme la tuberculose, la leucose, le collag\u00e9nose, la scl\u00e9rose en plaques, le SIDA ou l\u2019infection \u00e0 VIH. Consulter un praticien en soin de la sant\u00e9 avant de l\u2019utiliser si vous souffrez d\u2019hypertension art\u00e9rielle, une maladie du rein ou si vous prenez d\u2019autres m\u00e9dicaments et des m\u00e9dicaments sur ordonnance. Cessez d\u2019utiliser ce produit et consulter un praticien de soin de sant\u00e9 si les sympt\u00f4mes s\u2019aggravent ou durent plus d\u2019une semaine.<\/p>\n<p>CONTRE-INDICATIONS<\/p>\n<p>Ne pas utiliser en cas de grossesse ou d\u2019allaitement. Ne doit pas \u00eatre utilis\u00e9 par les personnes souffrant de diab\u00e8te ou de maladie du foie. Ne pas utiliser si vous avez une allergie aux composantes.<\/p>\n<p>R\u00c9ACTIONS IND\u00c9SIRABLES CONNUES<\/p>\n<p>Peut avoir une l\u00e9g\u00e8re action laxative ou causer des \u00e9ructations.<\/p>\n<p>Ne pas utiliser su le sceau de s\u00e9curit\u00e9 est bris\u00e9 ou manquant.[\/vc_column_text][\/vc_column][vc_column column_padding=&#8221;no-extra-padding&#8221; column_padding_tablet=&#8221;inherit&#8221; column_padding_phone=&#8221;inherit&#8221; column_padding_position=&#8221;all&#8221; background_color_opacity=&#8221;1&#8243; background_hover_color_opacity=&#8221;1&#8243; column_shadow=&#8221;none&#8221; column_border_radius=&#8221;none&#8221; column_link_target=&#8221;_self&#8221; gradient_direction=&#8221;left_to_right&#8221; overlay_strength=&#8221;0.3&#8243; width=&#8221;1\/2&#8243; tablet_width_inherit=&#8221;default&#8221; tablet_text_alignment=&#8221;default&#8221; phone_text_alignment=&#8221;default&#8221; column_border_width=&#8221;none&#8221; column_border_style=&#8221;solid&#8221; bg_image_animation=&#8221;none&#8221;][vc_text_separator title=&#8221;Ingr\u00e9dients&#8221; title_align=&#8221;separator_align_left&#8221;][vc_column_text]INGR\u00c9DIENTS M\u00c9DICINAUX<\/p>\n<p>Chaque cuill\u00e9r\u00e9e \u00e0 th\u00e9 (5 mL) contient\u00a0:<\/p>\n<p>Gomme de sapin (terebenthina canadensis) &#8211; 50 mg<\/p>\n<p>Echinac\u00e9e (echinacea purpurea, racine) 4:1 &#8211; 40 mg (Dose \u00e9quivalente \u00e0 160 mg)<\/p>\n<p>Eucalyptus (eucalyptus globulus, feuille) 4:1 &#8211; 175 mg (Dose \u00e9quivalente \u00e0 700 mg)<\/p>\n<p>Menthe poivr\u00e9e (mentha pipereta, feuille) 4:1 &#8211; 50 mg (Dose \u00e9quivalente \u00e0 200 mg)<\/p>\n<p>Menthol (5-methyl-2-(1-methylethyl)-cyclohexanol) &#8211; 5 mg<\/p>\n<p>INGR\u00c9DIENTS NON M\u00c9DICINAUX<\/p>\n<p>Eau purifi\u00e9e, miel, glucose, glyc\u00e9rine, sorbitol, propyl\u00e8ne glycol, saveur naturelle de menthe, sorbate de potassium.[\/vc_column_text][\/vc_column][\/vc_row]\n","protected":false},"excerpt":{"rendered":"<p>HEALTHY FIR: Syrup made from natural source ingredients. Balsam fir gum and echinacea formula with eucalyptus and honey. Eases cough caused by cold.<\/p>\n<p>&nbsp;<\/p>\n","protected":false},"featured_media":631,"template":"","meta":[],"product_brand":[],"product_cat":[22],"product_tag":[],"class_list":{"0":"post-241","1":"product","2":"type-product","3":"status-publish","4":"has-post-thumbnail","6":"product_cat-sirop-en","8":"first","9":"instock","10":"taxable","11":"shipping-taxable","12":"purchasable","13":"product-type-variable"},"yoast_head":"<!-- This site is optimized with the Yoast SEO plugin v27.4 - https:\/\/yoast.com\/product\/yoast-seo-wordpress\/ -->\n<title>Healthy Fir Syrup: balsam fir gum and echinacea formula with eucalyptus and honey - Sapin Fortin<\/title>\n<meta name=\"robots\" content=\"index, follow, max-snippet:-1, max-image-preview:large, max-video-preview:-1\" \/>\n<link rel=\"canonical\" href=\"https:\/\/www.sapinfortin.com\/en\/produit\/sirop-miel-equinacee\/\" \/>\n<meta property=\"og:locale\" content=\"en_US\" \/>\n<meta property=\"og:type\" content=\"article\" \/>\n<meta property=\"og:title\" content=\"Healthy Fir Syrup: balsam fir gum and echinacea formula with eucalyptus and honey - Sapin Fortin\" \/>\n<meta property=\"og:description\" content=\"HEALTHY FIR: Syrup made from natural source ingredients. Balsam fir gum and echinacea formula with eucalyptus and honey. Eases cough caused by cold.  &nbsp;\" \/>\n<meta property=\"og:url\" content=\"https:\/\/www.sapinfortin.com\/en\/produit\/sirop-miel-equinacee\/\" \/>\n<meta property=\"og:site_name\" content=\"Sapin Fortin\" \/>\n<meta property=\"article:modified_time\" content=\"2023-07-20T12:49:27+00:00\" \/>\n<meta property=\"og:image\" content=\"https:\/\/www.sapinfortin.com\/wp-content\/uploads\/2022\/07\/IMG_8155-997x1024.png\" \/>\n\t<meta property=\"og:image:width\" content=\"997\" \/>\n\t<meta property=\"og:image:height\" content=\"1024\" \/>\n\t<meta property=\"og:image:type\" content=\"image\/png\" \/>\n<meta name=\"twitter:card\" content=\"summary_large_image\" \/>\n<meta name=\"twitter:label1\" content=\"Est. reading time\" \/>\n\t<meta name=\"twitter:data1\" content=\"3 minutes\" \/>\n<script type=\"application\/ld+json\" class=\"yoast-schema-graph\">{\"@context\":\"https:\\\/\\\/schema.org\",\"@graph\":[{\"@type\":\"WebPage\",\"@id\":\"https:\\\/\\\/www.sapinfortin.com\\\/en\\\/produit\\\/sirop-miel-equinacee\\\/\",\"url\":\"https:\\\/\\\/www.sapinfortin.com\\\/en\\\/produit\\\/sirop-miel-equinacee\\\/\",\"name\":\"Healthy Fir Syrup: balsam fir gum and echinacea formula with eucalyptus and honey - Sapin Fortin\",\"isPartOf\":{\"@id\":\"https:\\\/\\\/www.sapinfortin.com\\\/#website\"},\"primaryImageOfPage\":{\"@id\":\"https:\\\/\\\/www.sapinfortin.com\\\/en\\\/produit\\\/sirop-miel-equinacee\\\/#primaryimage\"},\"image\":{\"@id\":\"https:\\\/\\\/www.sapinfortin.com\\\/en\\\/produit\\\/sirop-miel-equinacee\\\/#primaryimage\"},\"thumbnailUrl\":\"https:\\\/\\\/www.sapinfortin.com\\\/wp-content\\\/uploads\\\/2022\\\/07\\\/IMG_8155.png\",\"datePublished\":\"2020-10-09T01:55:14+00:00\",\"dateModified\":\"2023-07-20T12:49:27+00:00\",\"breadcrumb\":{\"@id\":\"https:\\\/\\\/www.sapinfortin.com\\\/en\\\/produit\\\/sirop-miel-equinacee\\\/#breadcrumb\"},\"inLanguage\":\"en-US\",\"potentialAction\":[{\"@type\":\"ReadAction\",\"target\":[\"https:\\\/\\\/www.sapinfortin.com\\\/en\\\/produit\\\/sirop-miel-equinacee\\\/\"]}]},{\"@type\":\"ImageObject\",\"inLanguage\":\"en-US\",\"@id\":\"https:\\\/\\\/www.sapinfortin.com\\\/en\\\/produit\\\/sirop-miel-equinacee\\\/#primaryimage\",\"url\":\"https:\\\/\\\/www.sapinfortin.com\\\/wp-content\\\/uploads\\\/2022\\\/07\\\/IMG_8155.png\",\"contentUrl\":\"https:\\\/\\\/www.sapinfortin.com\\\/wp-content\\\/uploads\\\/2022\\\/07\\\/IMG_8155.png\",\"width\":2445,\"height\":2510},{\"@type\":\"BreadcrumbList\",\"@id\":\"https:\\\/\\\/www.sapinfortin.com\\\/en\\\/produit\\\/sirop-miel-equinacee\\\/#breadcrumb\",\"itemListElement\":[{\"@type\":\"ListItem\",\"position\":1,\"name\":\"Home\",\"item\":\"https:\\\/\\\/www.sapinfortin.com\\\/\"},{\"@type\":\"ListItem\",\"position\":2,\"name\":\"Store\",\"item\":\"https:\\\/\\\/www.sapinfortin.com\\\/en\\\/store\\\/\"},{\"@type\":\"ListItem\",\"position\":3,\"name\":\"Healthy Fir Syrup: balsam fir gum and echinacea formula with eucalyptus and honey\"}]},{\"@type\":\"WebSite\",\"@id\":\"https:\\\/\\\/www.sapinfortin.com\\\/#website\",\"url\":\"https:\\\/\\\/www.sapinfortin.com\\\/\",\"name\":\"Sapin Fortin\",\"description\":\"Soulagement de la toux naturellement\",\"potentialAction\":[{\"@type\":\"SearchAction\",\"target\":{\"@type\":\"EntryPoint\",\"urlTemplate\":\"https:\\\/\\\/www.sapinfortin.com\\\/?s={search_term_string}\"},\"query-input\":{\"@type\":\"PropertyValueSpecification\",\"valueRequired\":true,\"valueName\":\"search_term_string\"}}],\"inLanguage\":\"en-US\"}]}<\/script>\n<!-- \/ Yoast SEO plugin. -->","yoast_head_json":{"title":"Healthy Fir Syrup: balsam fir gum and echinacea formula with eucalyptus and honey - Sapin Fortin","robots":{"index":"index","follow":"follow","max-snippet":"max-snippet:-1","max-image-preview":"max-image-preview:large","max-video-preview":"max-video-preview:-1"},"canonical":"https:\/\/www.sapinfortin.com\/en\/produit\/sirop-miel-equinacee\/","og_locale":"en_US","og_type":"article","og_title":"Healthy Fir Syrup: balsam fir gum and echinacea formula with eucalyptus and honey - Sapin Fortin","og_description":"HEALTHY FIR: Syrup made from natural source ingredients. Balsam fir gum and echinacea formula with eucalyptus and honey. Eases cough caused by cold.  &nbsp;","og_url":"https:\/\/www.sapinfortin.com\/en\/produit\/sirop-miel-equinacee\/","og_site_name":"Sapin Fortin","article_modified_time":"2023-07-20T12:49:27+00:00","og_image":[{"width":997,"height":1024,"url":"https:\/\/www.sapinfortin.com\/wp-content\/uploads\/2022\/07\/IMG_8155-997x1024.png","type":"image\/png"}],"twitter_card":"summary_large_image","twitter_misc":{"Est. reading time":"3 minutes"},"schema":{"@context":"https:\/\/schema.org","@graph":[{"@type":"WebPage","@id":"https:\/\/www.sapinfortin.com\/en\/produit\/sirop-miel-equinacee\/","url":"https:\/\/www.sapinfortin.com\/en\/produit\/sirop-miel-equinacee\/","name":"Healthy Fir Syrup: balsam fir gum and echinacea formula with eucalyptus and honey - Sapin Fortin","isPartOf":{"@id":"https:\/\/www.sapinfortin.com\/#website"},"primaryImageOfPage":{"@id":"https:\/\/www.sapinfortin.com\/en\/produit\/sirop-miel-equinacee\/#primaryimage"},"image":{"@id":"https:\/\/www.sapinfortin.com\/en\/produit\/sirop-miel-equinacee\/#primaryimage"},"thumbnailUrl":"https:\/\/www.sapinfortin.com\/wp-content\/uploads\/2022\/07\/IMG_8155.png","datePublished":"2020-10-09T01:55:14+00:00","dateModified":"2023-07-20T12:49:27+00:00","breadcrumb":{"@id":"https:\/\/www.sapinfortin.com\/en\/produit\/sirop-miel-equinacee\/#breadcrumb"},"inLanguage":"en-US","potentialAction":[{"@type":"ReadAction","target":["https:\/\/www.sapinfortin.com\/en\/produit\/sirop-miel-equinacee\/"]}]},{"@type":"ImageObject","inLanguage":"en-US","@id":"https:\/\/www.sapinfortin.com\/en\/produit\/sirop-miel-equinacee\/#primaryimage","url":"https:\/\/www.sapinfortin.com\/wp-content\/uploads\/2022\/07\/IMG_8155.png","contentUrl":"https:\/\/www.sapinfortin.com\/wp-content\/uploads\/2022\/07\/IMG_8155.png","width":2445,"height":2510},{"@type":"BreadcrumbList","@id":"https:\/\/www.sapinfortin.com\/en\/produit\/sirop-miel-equinacee\/#breadcrumb","itemListElement":[{"@type":"ListItem","position":1,"name":"Home","item":"https:\/\/www.sapinfortin.com\/"},{"@type":"ListItem","position":2,"name":"Store","item":"https:\/\/www.sapinfortin.com\/en\/store\/"},{"@type":"ListItem","position":3,"name":"Healthy Fir Syrup: balsam fir gum and echinacea formula with eucalyptus and honey"}]},{"@type":"WebSite","@id":"https:\/\/www.sapinfortin.com\/#website","url":"https:\/\/www.sapinfortin.com\/","name":"Sapin Fortin","description":"Soulagement de la toux naturellement","potentialAction":[{"@type":"SearchAction","target":{"@type":"EntryPoint","urlTemplate":"https:\/\/www.sapinfortin.com\/?s={search_term_string}"},"query-input":{"@type":"PropertyValueSpecification","valueRequired":true,"valueName":"search_term_string"}}],"inLanguage":"en-US"}]}},"tiered_pricing_type":"fixed","tiered_pricing_fixed_rules":[],"tiered_pricing_product_settings":{"layout":"default","base_unit_name":{"singular":null,"plural":null},"default_variation":null},"tiered_pricing_minimum_quantity":null,"tiered_pricing_roles_data":[],"tiered_pricing_percentage_rules":[],"_links":{"self":[{"href":"https:\/\/www.sapinfortin.com\/en\/wp-json\/wp\/v2\/product\/241","targetHints":{"allow":["GET"]}}],"collection":[{"href":"https:\/\/www.sapinfortin.com\/en\/wp-json\/wp\/v2\/product"}],"about":[{"href":"https:\/\/www.sapinfortin.com\/en\/wp-json\/wp\/v2\/types\/product"}],"wp:featuredmedia":[{"embeddable":true,"href":"https:\/\/www.sapinfortin.com\/en\/wp-json\/wp\/v2\/media\/631"}],"wp:attachment":[{"href":"https:\/\/www.sapinfortin.com\/en\/wp-json\/wp\/v2\/media?parent=241"}],"wp:term":[{"taxonomy":"product_brand","embeddable":true,"href":"https:\/\/www.sapinfortin.com\/en\/wp-json\/wp\/v2\/product_brand?post=241"},{"taxonomy":"product_cat","embeddable":true,"href":"https:\/\/www.sapinfortin.com\/en\/wp-json\/wp\/v2\/product_cat?post=241"},{"taxonomy":"product_tag","embeddable":true,"href":"https:\/\/www.sapinfortin.com\/en\/wp-json\/wp\/v2\/product_tag?post=241"}],"curies":[{"name":"wp","href":"https:\/\/api.w.org\/{rel}","templated":true}]}}